{"id":1049,"date":"2026-02-25T12:49:40","date_gmt":"2026-02-25T11:49:40","guid":{"rendered":"https:\/\/feitler.cuco.dev\/preise\/"},"modified":"2026-03-31T14:03:17","modified_gmt":"2026-03-31T12:03:17","slug":"preise","status":"publish","type":"page","link":"https:\/\/agence-feitler.lu\/de\/preise\/","title":{"rendered":"Preise"},"content":{"rendered":"[vc_row type=&#8220;in_container&#8220; full_screen_row_position=&#8220;middle&#8220; column_margin=&#8220;default&#8220; column_direction=&#8220;default&#8220; column_direction_tablet=&#8220;default&#8220; column_direction_phone=&#8220;default&#8220; scene_position=&#8220;center&#8220; bottom_padding=&#8220;2%&#8220; text_color=&#8220;dark&#8220; text_align=&#8220;left&#8220; row_border_radius=&#8220;none&#8220; row_border_radius_applies=&#8220;bg&#8220; overflow=&#8220;visible&#8220; overlay_strength=&#8220;0.3&#8243; gradient_direction=&#8220;left_to_right&#8220; shape_divider_position=&#8220;bottom&#8220; bg_image_animation=&#8220;none&#8220; gradient_type=&#8220;default&#8220; shape_type=&#8220;&#8220;][vc_column column_padding=&#8220;no-extra-padding&#8220; column_padding_tablet=&#8220;inherit&#8220; column_padding_phone=&#8220;inherit&#8220; column_padding_position=&#8220;all&#8220; column_element_direction_desktop=&#8220;default&#8220; column_element_spacing=&#8220;default&#8220; desktop_text_alignment=&#8220;default&#8220; tablet_text_alignment=&#8220;default&#8220; phone_text_alignment=&#8220;default&#8220; background_color_opacity=&#8220;1&#8243; background_hover_color_opacity=&#8220;1&#8243; column_backdrop_filter=&#8220;none&#8220; column_shadow=&#8220;none&#8220; column_border_radius=&#8220;none&#8220; column_link_target=&#8220;_self&#8220; column_position=&#8220;default&#8220; gradient_direction=&#8220;left_to_right&#8220; overlay_strength=&#8220;0.3&#8243; width=&#8220;1\/1&#8243; tablet_width_inherit=&#8220;default&#8220; animation_type=&#8220;default&#8220; bg_image_animation=&#8220;none&#8220; border_type=&#8220;simple&#8220; column_border_width=&#8220;none&#8220; column_border_style=&#8220;solid&#8220;][split_line_heading animation_type=&#8220;line-reveal-by-space&#8220; font_style=&#8220;h1&#8243; text_color=&#8220;#7F378F&#8220; line_reveal_by_space_text_effect=&#8220;default&#8220; stagger_animation=&#8220;true&#8220; content_alignment=&#8220;default&#8220; mobile_content_alignment=&#8220;inherit&#8220; link_target=&#8220;_self&#8220; text_content=&#8220;Provisions\u00fcbersicht&#8220; text_direction=&#8220;default&#8220;][\/split_line_heading][\/vc_column][\/vc_row][vc_row type=&#8220;in_container&#8220; full_screen_row_position=&#8220;middle&#8220; column_margin=&#8220;50px&#8220; column_direction=&#8220;default&#8220; column_direction_tablet=&#8220;default&#8220; column_direction_phone=&#8220;default&#8220; scene_position=&#8220;center&#8220; text_color=&#8220;dark&#8220; text_align=&#8220;left&#8220; row_border_radius=&#8220;none&#8220; row_border_radius_applies=&#8220;bg&#8220; overflow=&#8220;visible&#8220; overlay_strength=&#8220;0.3&#8243; gradient_direction=&#8220;left_to_right&#8220; shape_divider_position=&#8220;bottom&#8220; bg_image_animation=&#8220;none&#8220; gradient_type=&#8220;default&#8220; shape_type=&#8220;&#8220;][vc_column column_padding=&#8220;no-extra-padding&#8220; column_padding_tablet=&#8220;inherit&#8220; column_padding_phone=&#8220;inherit&#8220; column_padding_position=&#8220;all&#8220; column_element_direction_desktop=&#8220;default&#8220; column_element_spacing=&#8220;default&#8220; desktop_text_alignment=&#8220;default&#8220; tablet_text_alignment=&#8220;default&#8220; phone_text_alignment=&#8220;default&#8220; background_color_opacity=&#8220;1&#8243; background_hover_color_opacity=&#8220;1&#8243; column_backdrop_filter=&#8220;none&#8220; column_shadow=&#8220;none&#8220; column_border_radius=&#8220;none&#8220; column_link_target=&#8220;_self&#8220; column_position=&#8220;default&#8220; gradient_direction=&#8220;left_to_right&#8220; overlay_strength=&#8220;0.3&#8243; width=&#8220;2\/3&#8243; tablet_width_inherit=&#8220;default&#8220; animation_type=&#8220;default&#8220; bg_image_animation=&#8220;none&#8220; border_type=&#8220;simple&#8220; column_border_width=&#8220;none&#8220; column_border_style=&#8220;solid&#8220;]<div class=\"nectar-fancy-ul font_line_height_1-8\" data-list-icon=\"icon-salient-check\" data-animation=\"false\" data-animation-delay=\"0\" data-color=\"accent-color\" data-spacing=\"10px\" data-alignment=\"left\"> \n<ul>\n<li>\n<p class=\"p1\">Die Maklerprovision (eine Monatsmiete zuz\u00fcglich der geltenden MwSt.) wird zu gleichen Teilen \u2013 also 50\/50 \u2013 zwischen dem Vermieter einerseits und dem Mieter andererseits aufgeteilt, und jede der Parteien begleicht ihren Anteil unmittelbar bei Unterzeichnung des Mietvertrags.<\/p>\n<\/li>\n<li>\n<p class=\"p1\"><span class=\"s1\">Die <\/span>Kaution <span class=\"s2\">| <\/span><span class=\"s3\">Bankgarantie<\/span> <span class=\"s4\">: <\/span><span class=\"s3\">2 <\/span><span class=\"s1\">Monate <\/span><span class=\"s3\">an <\/span><span class=\"s1\">Miete<\/span><\/p>\n<\/li>\n<li>\n<p class=\"p1\">F\u00fcr <span class=\"s1\">den <\/span>Verkauf betr\u00e4gt die Maklerprovision <span class=\"s2\"> <\/span><span class=\"s3\">maximal <\/span><span class=\"s1\">3 %<\/span><span class=\"s2\"> <\/span><span class=\"s4\">des <\/span><span class=\"s1\">Verkaufspreises <\/span><span class=\"s5\">+ <\/span><span class=\"s1\">17 % <\/span><span class=\"s7\">MwSt. <\/span>Diese Provision kann <span class=\"s3\">variieren, <\/span><span class=\"s1\">je nach <\/span>Mandat <span class=\"s3\">exklusiv <\/span>oder <span class=\"s3\">nicht-exklusiv.<\/span><\/p>\n<\/li>\n<\/ul>\n <\/div>[\/vc_column][vc_column column_padding=&#8220;no-extra-padding&#8220; column_padding_tablet=&#8220;inherit&#8220; column_padding_phone=&#8220;inherit&#8220; column_padding_position=&#8220;all&#8220; column_element_direction_desktop=&#8220;default&#8220; column_element_spacing=&#8220;default&#8220; desktop_text_alignment=&#8220;default&#8220; tablet_text_alignment=&#8220;default&#8220; phone_text_alignment=&#8220;default&#8220; background_color_opacity=&#8220;1&#8243; background_hover_color_opacity=&#8220;1&#8243; column_backdrop_filter=&#8220;none&#8220; column_shadow=&#8220;none&#8220; column_border_radius=&#8220;none&#8220; column_link_target=&#8220;_self&#8220; column_position=&#8220;default&#8220; gradient_direction=&#8220;left_to_right&#8220; overlay_strength=&#8220;0.3&#8243; width=&#8220;1\/3&#8243; tablet_width_inherit=&#8220;default&#8220; animation_type=&#8220;default&#8220; bg_image_animation=&#8220;none&#8220; border_type=&#8220;simple&#8220; column_border_width=&#8220;none&#8220; column_border_style=&#8220;solid&#8220;][\/vc_column][\/vc_row][vc_row type=&#8220;in_container&#8220; full_screen_row_position=&#8220;middle&#8220; column_margin=&#8220;default&#8220; column_direction=&#8220;default&#8220; column_direction_tablet=&#8220;default&#8220; column_direction_phone=&#8220;default&#8220; scene_position=&#8220;center&#8220; top_padding=&#8220;5%&#8220; text_color=&#8220;dark&#8220; text_align=&#8220;left&#8220; row_border_radius=&#8220;none&#8220; row_border_radius_applies=&#8220;bg&#8220; overflow=&#8220;visible&#8220; overlay_strength=&#8220;0.3&#8243; gradient_direction=&#8220;left_to_right&#8220; shape_divider_position=&#8220;bottom&#8220; bg_image_animation=&#8220;none&#8220; gradient_type=&#8220;default&#8220; shape_type=&#8220;&#8220;][vc_column column_padding=&#8220;no-extra-padding&#8220; column_padding_tablet=&#8220;inherit&#8220; column_padding_phone=&#8220;inherit&#8220; column_padding_position=&#8220;all&#8220; column_element_direction_desktop=&#8220;default&#8220; column_element_spacing=&#8220;default&#8220; desktop_text_alignment=&#8220;default&#8220; tablet_text_alignment=&#8220;default&#8220; phone_text_alignment=&#8220;default&#8220; background_color_opacity=&#8220;1&#8243; background_hover_color_opacity=&#8220;1&#8243; column_backdrop_filter=&#8220;none&#8220; column_shadow=&#8220;none&#8220; column_border_radius=&#8220;none&#8220; column_link_target=&#8220;_self&#8220; column_position=&#8220;default&#8220; gradient_direction=&#8220;left_to_right&#8220; overlay_strength=&#8220;0.3&#8243; width=&#8220;1\/1&#8243; tablet_width_inherit=&#8220;default&#8220; animation_type=&#8220;default&#8220; bg_image_animation=&#8220;none&#8220; border_type=&#8220;simple&#8220; column_border_width=&#8220;none&#8220; column_border_style=&#8220;solid&#8220;][\/vc_column][\/vc_row]\n","protected":false},"excerpt":{"rendered":"<p>[vc_row type=&#8220;in_container&#8220; full_screen_row_position=&#8220;middle&#8220; column_margin=&#8220;default&#8220; column_direction=&#8220;default&#8220; column_direction_tablet=&#8220;default&#8220; column_direction_phone=&#8220;default&#8220; scene_position=&#8220;center&#8220; bottom_padding=&#8220;2%&#8220; text_color=&#8220;dark&#8220; text_align=&#8220;left&#8220; row_border_radius=&#8220;none&#8220; row_border_radius_applies=&#8220;bg&#8220; overflow=&#8220;visible&#8220; overlay_strength=&#8220;0.3&#8243; gradient_direction=&#8220;left_to_right&#8220; shape_divider_position=&#8220;bottom&#8220; bg_image_animation=&#8220;none&#8220; gradient_type=&#8220;default&#8220; shape_type=&#8220;&#8220;][vc_column column_padding=&#8220;no-extra-padding&#8220; column_padding_tablet=&#8220;inherit&#8220; column_padding_phone=&#8220;inherit&#8220; column_padding_position=&#8220;all&#8220; column_element_direction_desktop=&#8220;default&#8220; column_element_spacing=&#8220;default&#8220; desktop_text_alignment=&#8220;default&#8220; tablet_text_alignment=&#8220;default&#8220; phone_text_alignment=&#8220;default&#8220; background_color_opacity=&#8220;1&#8243;&#8230;<\/p>\n","protected":false},"author":2,"featured_media":0,"parent":0,"menu_order":0,"comment_status":"closed","ping_status":"closed","template":"","meta":{"_acf_changed":false,"footnotes":""},"class_list":["post-1049","page","type-page","status-publish"],"acf":[],"yoast_head":"<!-- This site is optimized with the Yoast SEO plugin v27.3 - https:\/\/yoast.com\/product\/yoast-seo-wordpress\/ -->\n<title>Agence Feitler - Immobilien Preise &amp; Provisionen Luxemburg<\/title>\n<meta name=\"description\" content=\"Erfahren Sie alles \u00fcber Preise und Provisionen f\u00fcr Kauf, Verkauf und Vermietung in Luxemburg. Transparente Leistungen und pers\u00f6nliche Beratung mit Agence Feitler.\" \/>\n<meta name=\"robots\" content=\"index, follow, max-snippet:-1, max-image-preview:large, max-video-preview:-1\" \/>\n<link rel=\"canonical\" href=\"https:\/\/agence-feitler.lu\/de\/preise\/\" \/>\n<meta property=\"og:locale\" content=\"de_DE\" \/>\n<meta property=\"og:type\" content=\"article\" \/>\n<meta property=\"og:title\" content=\"Agence Feitler - Immobilien Preise &amp; Provisionen Luxemburg\" \/>\n<meta property=\"og:description\" content=\"Erfahren Sie alles \u00fcber Preise und Provisionen f\u00fcr Kauf, Verkauf und Vermietung in Luxemburg. Transparente Leistungen und pers\u00f6nliche Beratung mit Agence Feitler.\" \/>\n<meta property=\"og:url\" content=\"https:\/\/agence-feitler.lu\/de\/preise\/\" \/>\n<meta property=\"og:site_name\" content=\"Agence Feitler\" \/>\n<meta property=\"article:modified_time\" content=\"2026-03-31T12:03:17+00:00\" \/>\n<meta name=\"twitter:card\" content=\"summary_large_image\" \/>\n<meta name=\"twitter:label1\" content=\"Gesch\u00e4tzte Lesezeit\" \/>\n\t<meta name=\"twitter:data1\" content=\"4\u00a0Minuten\" \/>\n<script type=\"application\/ld+json\" class=\"yoast-schema-graph\">{\"@context\":\"https:\\\/\\\/schema.org\",\"@graph\":[{\"@type\":\"WebPage\",\"@id\":\"https:\\\/\\\/agence-feitler.lu\\\/de\\\/preise\\\/\",\"url\":\"https:\\\/\\\/agence-feitler.lu\\\/de\\\/preise\\\/\",\"name\":\"Agence Feitler - Immobilien Preise & Provisionen Luxemburg\",\"isPartOf\":{\"@id\":\"https:\\\/\\\/agence-feitler.lu\\\/de\\\/#website\"},\"datePublished\":\"2026-02-25T11:49:40+00:00\",\"dateModified\":\"2026-03-31T12:03:17+00:00\",\"description\":\"Erfahren Sie alles \u00fcber Preise und Provisionen f\u00fcr Kauf, Verkauf und Vermietung in Luxemburg. Transparente Leistungen und pers\u00f6nliche Beratung mit Agence Feitler.\",\"breadcrumb\":{\"@id\":\"https:\\\/\\\/agence-feitler.lu\\\/de\\\/preise\\\/#breadcrumb\"},\"inLanguage\":\"de\",\"potentialAction\":[{\"@type\":\"ReadAction\",\"target\":[\"https:\\\/\\\/agence-feitler.lu\\\/de\\\/preise\\\/\"]}]},{\"@type\":\"BreadcrumbList\",\"@id\":\"https:\\\/\\\/agence-feitler.lu\\\/de\\\/preise\\\/#breadcrumb\",\"itemListElement\":[{\"@type\":\"ListItem\",\"position\":1,\"name\":\"Start\",\"item\":\"https:\\\/\\\/agence-feitler.lu\\\/de\\\/\"},{\"@type\":\"ListItem\",\"position\":2,\"name\":\"Preise\"}]},{\"@type\":\"WebSite\",\"@id\":\"https:\\\/\\\/agence-feitler.lu\\\/de\\\/#website\",\"url\":\"https:\\\/\\\/agence-feitler.lu\\\/de\\\/\",\"name\":\"Agence Feitler\",\"description\":\"\",\"publisher\":{\"@id\":\"https:\\\/\\\/agence-feitler.lu\\\/de\\\/#organization\"},\"potentialAction\":[{\"@type\":\"SearchAction\",\"target\":{\"@type\":\"EntryPoint\",\"urlTemplate\":\"https:\\\/\\\/agence-feitler.lu\\\/de\\\/?s={search_term_string}\"},\"query-input\":{\"@type\":\"PropertyValueSpecification\",\"valueRequired\":true,\"valueName\":\"search_term_string\"}}],\"inLanguage\":\"de\"},{\"@type\":\"Organization\",\"@id\":\"https:\\\/\\\/agence-feitler.lu\\\/de\\\/#organization\",\"name\":\"Agence Feitler\",\"url\":\"https:\\\/\\\/agence-feitler.lu\\\/de\\\/\",\"logo\":{\"@type\":\"ImageObject\",\"inLanguage\":\"de\",\"@id\":\"https:\\\/\\\/agence-feitler.lu\\\/de\\\/#\\\/schema\\\/logo\\\/image\\\/\",\"url\":\"https:\\\/\\\/agence-feitler.lu\\\/wp-content\\\/uploads\\\/2025\\\/10\\\/mfeitler-fav.png\",\"contentUrl\":\"https:\\\/\\\/agence-feitler.lu\\\/wp-content\\\/uploads\\\/2025\\\/10\\\/mfeitler-fav.png\",\"width\":512,\"height\":512,\"caption\":\"Agence Feitler\"},\"image\":{\"@id\":\"https:\\\/\\\/agence-feitler.lu\\\/de\\\/#\\\/schema\\\/logo\\\/image\\\/\"}}]}<\/script>\n<!-- \/ Yoast SEO plugin. -->","yoast_head_json":{"title":"Agence Feitler - Immobilien Preise & Provisionen Luxemburg","description":"Erfahren Sie alles \u00fcber Preise und Provisionen f\u00fcr Kauf, Verkauf und Vermietung in Luxemburg. Transparente Leistungen und pers\u00f6nliche Beratung mit Agence Feitler.","robots":{"index":"index","follow":"follow","max-snippet":"max-snippet:-1","max-image-preview":"max-image-preview:large","max-video-preview":"max-video-preview:-1"},"canonical":"https:\/\/agence-feitler.lu\/de\/preise\/","og_locale":"de_DE","og_type":"article","og_title":"Agence Feitler - Immobilien Preise & Provisionen Luxemburg","og_description":"Erfahren Sie alles \u00fcber Preise und Provisionen f\u00fcr Kauf, Verkauf und Vermietung in Luxemburg. Transparente Leistungen und pers\u00f6nliche Beratung mit Agence Feitler.","og_url":"https:\/\/agence-feitler.lu\/de\/preise\/","og_site_name":"Agence Feitler","article_modified_time":"2026-03-31T12:03:17+00:00","twitter_card":"summary_large_image","twitter_misc":{"Gesch\u00e4tzte Lesezeit":"4\u00a0Minuten"},"schema":{"@context":"https:\/\/schema.org","@graph":[{"@type":"WebPage","@id":"https:\/\/agence-feitler.lu\/de\/preise\/","url":"https:\/\/agence-feitler.lu\/de\/preise\/","name":"Agence Feitler - Immobilien Preise & Provisionen Luxemburg","isPartOf":{"@id":"https:\/\/agence-feitler.lu\/de\/#website"},"datePublished":"2026-02-25T11:49:40+00:00","dateModified":"2026-03-31T12:03:17+00:00","description":"Erfahren Sie alles \u00fcber Preise und Provisionen f\u00fcr Kauf, Verkauf und Vermietung in Luxemburg. Transparente Leistungen und pers\u00f6nliche Beratung mit Agence Feitler.","breadcrumb":{"@id":"https:\/\/agence-feitler.lu\/de\/preise\/#breadcrumb"},"inLanguage":"de","potentialAction":[{"@type":"ReadAction","target":["https:\/\/agence-feitler.lu\/de\/preise\/"]}]},{"@type":"BreadcrumbList","@id":"https:\/\/agence-feitler.lu\/de\/preise\/#breadcrumb","itemListElement":[{"@type":"ListItem","position":1,"name":"Start","item":"https:\/\/agence-feitler.lu\/de\/"},{"@type":"ListItem","position":2,"name":"Preise"}]},{"@type":"WebSite","@id":"https:\/\/agence-feitler.lu\/de\/#website","url":"https:\/\/agence-feitler.lu\/de\/","name":"Agence Feitler","description":"","publisher":{"@id":"https:\/\/agence-feitler.lu\/de\/#organization"},"potentialAction":[{"@type":"SearchAction","target":{"@type":"EntryPoint","urlTemplate":"https:\/\/agence-feitler.lu\/de\/?s={search_term_string}"},"query-input":{"@type":"PropertyValueSpecification","valueRequired":true,"valueName":"search_term_string"}}],"inLanguage":"de"},{"@type":"Organization","@id":"https:\/\/agence-feitler.lu\/de\/#organization","name":"Agence Feitler","url":"https:\/\/agence-feitler.lu\/de\/","logo":{"@type":"ImageObject","inLanguage":"de","@id":"https:\/\/agence-feitler.lu\/de\/#\/schema\/logo\/image\/","url":"https:\/\/agence-feitler.lu\/wp-content\/uploads\/2025\/10\/mfeitler-fav.png","contentUrl":"https:\/\/agence-feitler.lu\/wp-content\/uploads\/2025\/10\/mfeitler-fav.png","width":512,"height":512,"caption":"Agence Feitler"},"image":{"@id":"https:\/\/agence-feitler.lu\/de\/#\/schema\/logo\/image\/"}}]}},"_links":{"self":[{"href":"https:\/\/agence-feitler.lu\/de\/wp-json\/wp\/v2\/pages\/1049","targetHints":{"allow":["GET"]}}],"collection":[{"href":"https:\/\/agence-feitler.lu\/de\/wp-json\/wp\/v2\/pages"}],"about":[{"href":"https:\/\/agence-feitler.lu\/de\/wp-json\/wp\/v2\/types\/page"}],"author":[{"embeddable":true,"href":"https:\/\/agence-feitler.lu\/de\/wp-json\/wp\/v2\/users\/2"}],"replies":[{"embeddable":true,"href":"https:\/\/agence-feitler.lu\/de\/wp-json\/wp\/v2\/comments?post=1049"}],"version-history":[{"count":4,"href":"https:\/\/agence-feitler.lu\/de\/wp-json\/wp\/v2\/pages\/1049\/revisions"}],"predecessor-version":[{"id":1907,"href":"https:\/\/agence-feitler.lu\/de\/wp-json\/wp\/v2\/pages\/1049\/revisions\/1907"}],"wp:attachment":[{"href":"https:\/\/agence-feitler.lu\/de\/wp-json\/wp\/v2\/media?parent=1049"}],"curies":[{"name":"wp","href":"https:\/\/api.w.org\/{rel}","templated":true}]}}